{"id":1358,"date":"2021-02-02T08:23:02","date_gmt":"2021-02-02T08:23:02","guid":{"rendered":"http:\/\/czerkal.cluster030.hosting.ovh.net\/index.php\/portfolio\/"},"modified":"2023-05-16T13:37:12","modified_gmt":"2023-05-16T13:37:12","slug":"wspolpraca","status":"publish","type":"page","link":"https:\/\/czerkawski.info\/index.php\/wspolpraca\/","title":{"rendered":"Wsp\u00f3\u0142praca"},"content":{"rendered":"\t\t<div data-elementor-type=\"wp-page\" data-elementor-id=\"1358\" class=\"elementor elementor-1358\">\n\t\t\t\t\t\t\t\t\t<section class=\"elementor-section elementor-top-section elementor-element elementor-element-019dc77 elementor-section-height-min-height elementor-section-boxed elementor-section-height-default elementor-section-items-middle elementor-invisible\" data-id=\"019dc77\" data-element_type=\"section\" data-settings=\"{&quot;background_background&quot;:&quot;classic&quot;,&quot;animation&quot;:&quot;fadeIn&quot;}\">\n\t\t\t\t\t\t<div class=\"elementor-container elementor-column-gap-no\">\n\t\t\t\t\t<div class=\"elementor-column elementor-col-100 elementor-top-column elementor-element elementor-element-151803c\" data-id=\"151803c\" data-element_type=\"column\">\n\t\t\t<div class=\"elementor-widget-wrap elementor-element-populated\">\n\t\t\t\t\t\t\t\t<div class=\"elementor-element elementor-element-100b6e8 elementor-widget elementor-widget-heading\" data-id=\"100b6e8\" data-element_type=\"widget\" data-widget_type=\"heading.default\">\n\t\t\t\t<div class=\"elementor-widget-container\">\n\t\t\t<style>\/*! elementor - v3.13.2 - 11-05-2023 *\/\n.elementor-heading-title{padding:0;margin:0;line-height:1}.elementor-widget-heading .elementor-heading-title[class*=elementor-size-]>a{color:inherit;font-size:inherit;line-height:inherit}.elementor-widget-heading .elementor-heading-title.elementor-size-small{font-size:15px}.elementor-widget-heading .elementor-heading-title.elementor-size-medium{font-size:19px}.elementor-widget-heading .elementor-heading-title.elementor-size-large{font-size:29px}.elementor-widget-heading .elementor-heading-title.elementor-size-xl{font-size:39px}.elementor-widget-heading .elementor-heading-title.elementor-size-xxl{font-size:59px}<\/style><h2 class=\"elementor-heading-title elementor-size-default\">Wsp\u00f3\u0142praca<\/h2>\t\t<\/div>\n\t\t\t\t<\/div>\n\t\t\t\t<div class=\"elementor-element elementor-element-64f5341 elementor-widget-divider--view-line elementor-widget elementor-widget-divider\" data-id=\"64f5341\" data-element_type=\"widget\" data-widget_type=\"divider.default\">\n\t\t\t\t<div class=\"elementor-widget-container\">\n\t\t\t<style>\/*! elementor - v3.13.2 - 11-05-2023 *\/\n.elementor-widget-divider{--divider-border-style:none;--divider-border-width:1px;--divider-color:#0c0d0e;--divider-icon-size:20px;--divider-element-spacing:10px;--divider-pattern-height:24px;--divider-pattern-size:20px;--divider-pattern-url:none;--divider-pattern-repeat:repeat-x}.elementor-widget-divider .elementor-divider{display:flex}.elementor-widget-divider .elementor-divider__text{font-size:15px;line-height:1;max-width:95%}.elementor-widget-divider .elementor-divider__element{margin:0 var(--divider-element-spacing);flex-shrink:0}.elementor-widget-divider .elementor-icon{font-size:var(--divider-icon-size)}.elementor-widget-divider .elementor-divider-separator{display:flex;margin:0;direction:ltr}.elementor-widget-divider--view-line_icon .elementor-divider-separator,.elementor-widget-divider--view-line_text .elementor-divider-separator{align-items:center}.elementor-widget-divider--view-line_icon .elementor-divider-separator:after,.elementor-widget-divider--view-line_icon .elementor-divider-separator:before,.elementor-widget-divider--view-line_text .elementor-divider-separator:after,.elementor-widget-divider--view-line_text .elementor-divider-separator:before{display:block;content:\"\";border-bottom:0;flex-grow:1;border-top:var(--divider-border-width) var(--divider-border-style) var(--divider-color)}.elementor-widget-divider--element-align-left .elementor-divider .elementor-divider-separator>.elementor-divider__svg:first-of-type{flex-grow:0;flex-shrink:100}.elementor-widget-divider--element-align-left .elementor-divider-separator:before{content:none}.elementor-widget-divider--element-align-left .elementor-divider__element{margin-left:0}.elementor-widget-divider--element-align-right .elementor-divider .elementor-divider-separator>.elementor-divider__svg:last-of-type{flex-grow:0;flex-shrink:100}.elementor-widget-divider--element-align-right .elementor-divider-separator:after{content:none}.elementor-widget-divider--element-align-right .elementor-divider__element{margin-right:0}.elementor-widget-divider:not(.elementor-widget-divider--view-line_text):not(.elementor-widget-divider--view-line_icon) .elementor-divider-separator{border-top:var(--divider-border-width) var(--divider-border-style) var(--divider-color)}.elementor-widget-divider--separator-type-pattern{--divider-border-style:none}.elementor-widget-divider--separator-type-pattern.elementor-widget-divider--view-line .elementor-divider-separator,.elementor-widget-divider--separator-type-pattern:not(.elementor-widget-divider--view-line) .elementor-divider-separator:after,.elementor-widget-divider--separator-type-pattern:not(.elementor-widget-divider--view-line) .elementor-divider-separator:before,.elementor-widget-divider--separator-type-pattern:not([class*=elementor-widget-divider--view]) .elementor-divider-separator{width:100%;min-height:var(--divider-pattern-height);-webkit-mask-size:var(--divider-pattern-size) 100%;mask-size:var(--divider-pattern-size) 100%;-webkit-mask-repeat:var(--divider-pattern-repeat);mask-repeat:var(--divider-pattern-repeat);background-color:var(--divider-color);-webkit-mask-image:var(--divider-pattern-url);mask-image:var(--divider-pattern-url)}.elementor-widget-divider--no-spacing{--divider-pattern-size:auto}.elementor-widget-divider--bg-round{--divider-pattern-repeat:round}.rtl .elementor-widget-divider .elementor-divider__text{direction:rtl}.e-con-inner>.elementor-widget-divider,.e-con>.elementor-widget-divider{width:var(--container-widget-width,100%);--flex-grow:var(--container-widget-flex-grow)}<\/style>\t\t<div class=\"elementor-divider\">\n\t\t\t<span class=\"elementor-divider-separator\">\n\t\t\t\t\t\t<\/span>\n\t\t<\/div>\n\t\t\t\t<\/div>\n\t\t\t\t<\/div>\n\t\t\t\t\t<\/div>\n\t\t<\/div>\n\t\t\t\t\t\t\t<\/div>\n\t\t<\/section>\n\t\t\t\t<section class=\"elementor-section elementor-top-section elementor-element elementor-element-c3b44ca elementor-section-height-min-height elementor-section-boxed elementor-section-height-default elementor-section-items-middle elementor-invisible\" data-id=\"c3b44ca\" data-element_type=\"section\" data-settings=\"{&quot;background_background&quot;:&quot;classic&quot;,&quot;animation&quot;:&quot;fadeIn&quot;}\">\n\t\t\t\t\t\t<div class=\"elementor-container elementor-column-gap-no\">\n\t\t\t\t\t<div class=\"elementor-column elementor-col-100 elementor-top-column elementor-element elementor-element-26981b9\" data-id=\"26981b9\" data-element_type=\"column\">\n\t\t\t<div class=\"elementor-widget-wrap elementor-element-populated\">\n\t\t\t\t\t\t\t\t<div class=\"elementor-element elementor-element-36f9b33 elementor-widget elementor-widget-text-editor\" data-id=\"36f9b33\" data-element_type=\"widget\" data-widget_type=\"text-editor.default\">\n\t\t\t\t<div class=\"elementor-widget-container\">\n\t\t\t<style>\/*! elementor - v3.13.2 - 11-05-2023 *\/\n.elementor-widget-text-editor.elementor-drop-cap-view-stacked .elementor-drop-cap{background-color:#69727d;color:#fff}.elementor-widget-text-editor.elementor-drop-cap-view-framed .elementor-drop-cap{color:#69727d;border:3px solid;background-color:transparent}.elementor-widget-text-editor:not(.elementor-drop-cap-view-default) .elementor-drop-cap{margin-top:8px}.elementor-widget-text-editor:not(.elementor-drop-cap-view-default) .elementor-drop-cap-letter{width:1em;height:1em}.elementor-widget-text-editor .elementor-drop-cap{float:left;text-align:center;line-height:1;font-size:50px}.elementor-widget-text-editor .elementor-drop-cap-letter{display:inline-block}<\/style>\t\t\t\t<p><span style=\"font-weight: 400;\">Mariusz ceniony jest za naturalno\u015b\u0107, u\u015bmiech i dobry kontakt z lud\u017ami. Cz\u0119sto wyst\u0119puje w roli komentatora sportowego, bierze udzia\u0142 w debatach publicznych i programach rozrywkowych. Wielokrotnie udowodni\u0142, \u017ce potrafi poprowadzi\u0107 imprezy firmowe i szkolenia.<\/span><\/p><ul><li style=\"font-weight: 400;\" aria-level=\"1\"><span style=\"font-weight: 400;\">W interesuj\u0105cy spos\u00f3b przek\u0142ada swoje mi\u0119dzynarodowe do\u015bwiadczenia sportowe na codzienne funkcjonowanie pracownik\u00f3w w firmach.\u00a0<\/span><\/li><li style=\"font-weight: 400;\" aria-level=\"1\"><span style=\"font-weight: 400;\">Pokazuje analogie w budowaniu zespo\u0142u sportowego i zespo\u0142u w firmie.\u00a0<\/span><\/li><li style=\"font-weight: 400;\" aria-level=\"1\"><span style=\"font-weight: 400;\">Opowiada o sposobach radzenia sobie ze stresem i o tym, jak w skuteczny spos\u00f3b podnosi\u0107 swoje kwalifikacje zawodowe.<\/span><\/li><\/ul><p><span style=\"font-weight: 400;\">Swoje wyst\u0105pienia urozmaica ciekawymi zadaniami \u2013 konkursami, anga\u017cuj\u0105cymi uczestnik\u00f3w szkole\u0144 i imprez firmowych.<\/span><\/p>\t\t\t\t\t\t<\/div>\n\t\t\t\t<\/div>\n\t\t\t\t<div class=\"elementor-element elementor-element-42673bf elementor-widget-divider--view-line elementor-widget elementor-widget-divider\" data-id=\"42673bf\" data-element_type=\"widget\" data-widget_type=\"divider.default\">\n\t\t\t\t<div class=\"elementor-widget-container\">\n\t\t\t\t\t<div class=\"elementor-divider\">\n\t\t\t<span class=\"elementor-divider-separator\">\n\t\t\t\t\t\t<\/span>\n\t\t<\/div>\n\t\t\t\t<\/div>\n\t\t\t\t<\/div>\n\t\t\t\t<section class=\"elementor-section elementor-inner-section elementor-element elementor-element-8699417 elementor-section-boxed elementor-section-height-default elementor-section-height-default elementor-invisible\" data-id=\"8699417\" data-element_type=\"section\" data-settings=\"{&quot;animation&quot;:&quot;fadeIn&quot;}\">\n\t\t\t\t\t\t<div class=\"elementor-container elementor-column-gap-no\">\n\t\t\t\t\t<div class=\"elementor-column elementor-col-50 elementor-inner-column elementor-element elementor-element-b3e0b88\" data-id=\"b3e0b88\" data-element_type=\"column\">\n\t\t\t<div class=\"elementor-widget-wrap elementor-element-populated\">\n\t\t\t\t\t\t\t\t<div class=\"elementor-element elementor-element-d46dfdc elementor-widget elementor-widget-image\" data-id=\"d46dfdc\" data-element_type=\"widget\" data-widget_type=\"image.default\">\n\t\t\t\t<div class=\"elementor-widget-container\">\n\t\t\t<style>\/*! elementor - v3.13.2 - 11-05-2023 *\/\n.elementor-widget-image{text-align:center}.elementor-widget-image a{display:inline-block}.elementor-widget-image a img[src$=\".svg\"]{width:48px}.elementor-widget-image img{vertical-align:middle;display:inline-block}<\/style>\t\t\t\t\t\t\t\t\t\t\t\t<img loading=\"lazy\" decoding=\"async\" width=\"1200\" height=\"800\" src=\"https:\/\/i0.wp.com\/czerkawski.info\/wp-content\/uploads\/2023\/05\/MOS_2273.jpg?fit=1200%2C800&amp;ssl=1\" class=\"elementor-animation-float attachment-2048x2048 size-2048x2048 wp-image-1457\" alt=\"\" srcset=\"https:\/\/i0.wp.com\/czerkawski.info\/wp-content\/uploads\/2023\/05\/MOS_2273.jpg?w=1200&amp;ssl=1 1200w, https:\/\/i0.wp.com\/czerkawski.info\/wp-content\/uploads\/2023\/05\/MOS_2273.jpg?resize=300%2C200&amp;ssl=1 300w, https:\/\/i0.wp.com\/czerkawski.info\/wp-content\/uploads\/2023\/05\/MOS_2273.jpg?resize=1024%2C683&amp;ssl=1 1024w, https:\/\/i0.wp.com\/czerkawski.info\/wp-content\/uploads\/2023\/05\/MOS_2273.jpg?resize=768%2C512&amp;ssl=1 768w\" sizes=\"auto, (max-width: 1000px) 100vw, 1000px\" \/>\t\t\t\t\t\t\t\t\t\t\t\t\t\t\t<\/div>\n\t\t\t\t<\/div>\n\t\t\t\t<div class=\"elementor-element elementor-element-6d0d3b3 elementor-widget elementor-widget-image\" data-id=\"6d0d3b3\" data-element_type=\"widget\" data-widget_type=\"image.default\">\n\t\t\t\t<div class=\"elementor-widget-container\">\n\t\t\t\t\t\t\t\t\t\t\t\t\t\t\t<img loading=\"lazy\" decoding=\"async\" width=\"1024\" height=\"687\" src=\"https:\/\/i0.wp.com\/czerkawski.info\/wp-content\/uploads\/2023\/05\/Krakow-Valley-Golf-Country-Club-fot-Mirek-Mroz-Studio22.jpg?fit=1024%2C687&amp;ssl=1\" class=\"elementor-animation-float attachment-large size-large wp-image-1460\" alt=\"\" srcset=\"https:\/\/i0.wp.com\/czerkawski.info\/wp-content\/uploads\/2023\/05\/Krakow-Valley-Golf-Country-Club-fot-Mirek-Mroz-Studio22.jpg?w=1850&amp;ssl=1 1850w, https:\/\/i0.wp.com\/czerkawski.info\/wp-content\/uploads\/2023\/05\/Krakow-Valley-Golf-Country-Club-fot-Mirek-Mroz-Studio22.jpg?resize=300%2C201&amp;ssl=1 300w, https:\/\/i0.wp.com\/czerkawski.info\/wp-content\/uploads\/2023\/05\/Krakow-Valley-Golf-Country-Club-fot-Mirek-Mroz-Studio22.jpg?resize=1024%2C687&amp;ssl=1 1024w, https:\/\/i0.wp.com\/czerkawski.info\/wp-content\/uploads\/2023\/05\/Krakow-Valley-Golf-Country-Club-fot-Mirek-Mroz-Studio22.jpg?resize=768%2C516&amp;ssl=1 768w, https:\/\/i0.wp.com\/czerkawski.info\/wp-content\/uploads\/2023\/05\/Krakow-Valley-Golf-Country-Club-fot-Mirek-Mroz-Studio22.jpg?resize=1536%2C1031&amp;ssl=1 1536w\" sizes=\"auto, (max-width: 1000px) 100vw, 1000px\" \/>\t\t\t\t\t\t\t\t\t\t\t\t\t\t\t<\/div>\n\t\t\t\t<\/div>\n\t\t\t\t<div class=\"elementor-element elementor-element-a38b6f4 elementor-widget elementor-widget-image\" data-id=\"a38b6f4\" data-element_type=\"widget\" data-widget_type=\"image.default\">\n\t\t\t\t<div class=\"elementor-widget-container\">\n\t\t\t\t\t\t\t\t\t\t\t\t\t\t\t<img loading=\"lazy\" decoding=\"async\" width=\"921\" height=\"1024\" src=\"https:\/\/i0.wp.com\/czerkawski.info\/wp-content\/uploads\/2023\/05\/IMG_6519.jpg?fit=921%2C1024&amp;ssl=1\" class=\"elementor-animation-float attachment-large size-large wp-image-1467\" alt=\"\" srcset=\"https:\/\/i0.wp.com\/czerkawski.info\/wp-content\/uploads\/2023\/05\/IMG_6519.jpg?w=1125&amp;ssl=1 1125w, https:\/\/i0.wp.com\/czerkawski.info\/wp-content\/uploads\/2023\/05\/IMG_6519.jpg?resize=270%2C300&amp;ssl=1 270w, https:\/\/i0.wp.com\/czerkawski.info\/wp-content\/uploads\/2023\/05\/IMG_6519.jpg?resize=921%2C1024&amp;ssl=1 921w, https:\/\/i0.wp.com\/czerkawski.info\/wp-content\/uploads\/2023\/05\/IMG_6519.jpg?resize=768%2C854&amp;ssl=1 768w\" sizes=\"auto, (max-width: 921px) 100vw, 921px\" \/>\t\t\t\t\t\t\t\t\t\t\t\t\t\t\t<\/div>\n\t\t\t\t<\/div>\n\t\t\t\t\t<\/div>\n\t\t<\/div>\n\t\t\t\t<div class=\"elementor-column elementor-col-50 elementor-inner-column elementor-element elementor-element-23837e8\" data-id=\"23837e8\" data-element_type=\"column\">\n\t\t\t<div class=\"elementor-widget-wrap elementor-element-populated\">\n\t\t\t\t\t\t\t\t<div class=\"elementor-element elementor-element-500c20d elementor-widget elementor-widget-image\" data-id=\"500c20d\" data-element_type=\"widget\" data-widget_type=\"image.default\">\n\t\t\t\t<div class=\"elementor-widget-container\">\n\t\t\t\t\t\t\t\t\t\t\t\t\t\t\t<img loading=\"lazy\" decoding=\"async\" width=\"1200\" height=\"800\" src=\"https:\/\/i0.wp.com\/czerkawski.info\/wp-content\/uploads\/2023\/05\/MOS_4155.jpg?fit=1200%2C800&amp;ssl=1\" class=\"elementor-animation-float attachment-full size-full wp-image-1456\" alt=\"\" srcset=\"https:\/\/i0.wp.com\/czerkawski.info\/wp-content\/uploads\/2023\/05\/MOS_4155.jpg?w=1200&amp;ssl=1 1200w, https:\/\/i0.wp.com\/czerkawski.info\/wp-content\/uploads\/2023\/05\/MOS_4155.jpg?resize=300%2C200&amp;ssl=1 300w, https:\/\/i0.wp.com\/czerkawski.info\/wp-content\/uploads\/2023\/05\/MOS_4155.jpg?resize=1024%2C683&amp;ssl=1 1024w, https:\/\/i0.wp.com\/czerkawski.info\/wp-content\/uploads\/2023\/05\/MOS_4155.jpg?resize=768%2C512&amp;ssl=1 768w\" sizes=\"auto, (max-width: 1000px) 100vw, 1000px\" \/>\t\t\t\t\t\t\t\t\t\t\t\t\t\t\t<\/div>\n\t\t\t\t<\/div>\n\t\t\t\t<div class=\"elementor-element elementor-element-b942ec9 elementor-widget elementor-widget-image\" data-id=\"b942ec9\" data-element_type=\"widget\" data-widget_type=\"image.default\">\n\t\t\t\t<div class=\"elementor-widget-container\">\n\t\t\t\t\t\t\t\t\t\t\t\t\t\t\t<img loading=\"lazy\" decoding=\"async\" width=\"748\" height=\"1024\" src=\"https:\/\/i0.wp.com\/czerkawski.info\/wp-content\/uploads\/2023\/05\/Screenshot-2023-05-16-at-13.45.57.png?fit=748%2C1024&amp;ssl=1\" class=\"elementor-animation-float attachment-large size-large wp-image-1459\" alt=\"\" srcset=\"https:\/\/i0.wp.com\/czerkawski.info\/wp-content\/uploads\/2023\/05\/Screenshot-2023-05-16-at-13.45.57.png?w=1288&amp;ssl=1 1288w, https:\/\/i0.wp.com\/czerkawski.info\/wp-content\/uploads\/2023\/05\/Screenshot-2023-05-16-at-13.45.57.png?resize=219%2C300&amp;ssl=1 219w, https:\/\/i0.wp.com\/czerkawski.info\/wp-content\/uploads\/2023\/05\/Screenshot-2023-05-16-at-13.45.57.png?resize=748%2C1024&amp;ssl=1 748w, https:\/\/i0.wp.com\/czerkawski.info\/wp-content\/uploads\/2023\/05\/Screenshot-2023-05-16-at-13.45.57.png?resize=768%2C1052&amp;ssl=1 768w, https:\/\/i0.wp.com\/czerkawski.info\/wp-content\/uploads\/2023\/05\/Screenshot-2023-05-16-at-13.45.57.png?resize=1122%2C1536&amp;ssl=1 1122w\" sizes=\"auto, (max-width: 748px) 100vw, 748px\" \/>\t\t\t\t\t\t\t\t\t\t\t\t\t\t\t<\/div>\n\t\t\t\t<\/div>\n\t\t\t\t<div class=\"elementor-element elementor-element-70824a5 elementor-widget elementor-widget-image\" data-id=\"70824a5\" data-element_type=\"widget\" data-widget_type=\"image.default\">\n\t\t\t\t<div class=\"elementor-widget-container\">\n\t\t\t\t\t\t\t\t\t\t\t\t\t\t\t<img loading=\"lazy\" decoding=\"async\" width=\"678\" height=\"1024\" src=\"https:\/\/i0.wp.com\/czerkawski.info\/wp-content\/uploads\/2023\/05\/Screenshot-2023-05-16-at-13.39.47-1.png?fit=678%2C1024&amp;ssl=1\" class=\"elementor-animation-float attachment-large size-large wp-image-1470\" alt=\"\" srcset=\"https:\/\/i0.wp.com\/czerkawski.info\/wp-content\/uploads\/2023\/05\/Screenshot-2023-05-16-at-13.39.47-1.png?w=1176&amp;ssl=1 1176w, https:\/\/i0.wp.com\/czerkawski.info\/wp-content\/uploads\/2023\/05\/Screenshot-2023-05-16-at-13.39.47-1.png?resize=199%2C300&amp;ssl=1 199w, https:\/\/i0.wp.com\/czerkawski.info\/wp-content\/uploads\/2023\/05\/Screenshot-2023-05-16-at-13.39.47-1.png?resize=678%2C1024&amp;ssl=1 678w, https:\/\/i0.wp.com\/czerkawski.info\/wp-content\/uploads\/2023\/05\/Screenshot-2023-05-16-at-13.39.47-1.png?resize=768%2C1160&amp;ssl=1 768w, https:\/\/i0.wp.com\/czerkawski.info\/wp-content\/uploads\/2023\/05\/Screenshot-2023-05-16-at-13.39.47-1.png?resize=1017%2C1536&amp;ssl=1 1017w\" sizes=\"auto, (max-width: 678px) 100vw, 678px\" \/>\t\t\t\t\t\t\t\t\t\t\t\t\t\t\t<\/div>\n\t\t\t\t<\/div>\n\t\t\t\t\t<\/div>\n\t\t<\/div>\n\t\t\t\t\t\t\t<\/div>\n\t\t<\/section>\n\t\t\t\t\t<\/div>\n\t\t<\/div>\n\t\t\t\t\t\t\t<\/div>\n\t\t<\/section>\n\t\t\t\t\t\t\t<\/div>\n\t\t","protected":false},"excerpt":{"rendered":"<p>Wsp\u00f3\u0142praca Mariusz ceniony jest za naturalno\u015b\u0107, u\u015bmiech i dobry kontakt z lud\u017ami. Cz\u0119sto wyst\u0119puje w roli komentatora sportowego, bierze udzia\u0142 w debatach publicznych i programach rozrywkowych. Wielokrotnie udowodni\u0142, \u017ce potrafi poprowadzi\u0107 imprezy firmowe i szkolenia. W interesuj\u0105cy spos\u00f3b przek\u0142ada swoje mi\u0119dzynarodowe do\u015bwiadczenia sportowe na codzienne funkcjonowanie pracownik\u00f3w w firmach.\u00a0 Pokazuje analogie w budowaniu zespo\u0142u sportowego &hellip;<\/p>\n<p class=\"read-more\"> <a class=\"\" href=\"https:\/\/czerkawski.info\/index.php\/wspolpraca\/\"> <span class=\"screen-reader-text\">Wsp\u00f3\u0142praca<\/span> Read More &raquo;<\/a><\/p>\n","protected":false},"author":1,"featured_media":0,"parent":0,"menu_order":0,"comment_status":"closed","ping_status":"closed","template":"elementor_header_footer","meta":{"site-sidebar-layout":"no-sidebar","site-content-layout":"page-builder","ast-global-header-display":"","ast-banner-title-visibility":"","ast-main-header-display":"","ast-hfb-above-header-display":"","ast-hfb-below-header-display":"","ast-hfb-mobile-header-display":"","site-post-title":"disabled","ast-breadcrumbs-content":"disabled","ast-featured-img":"disabled","footer-sml-layout":"","theme-transparent-header-meta":"enabled","adv-header-id-meta":"","stick-header-meta":"","header-above-stick-meta":"","header-main-stick-meta":"","header-below-stick-meta":"","footnotes":""},"class_list":["post-1358","page","type-page","status-publish","hentry"],"_links":{"self":[{"href":"https:\/\/czerkawski.info\/index.php\/wp-json\/wp\/v2\/pages\/1358","targetHints":{"allow":["GET"]}}],"collection":[{"href":"https:\/\/czerkawski.info\/index.php\/wp-json\/wp\/v2\/pages"}],"about":[{"href":"https:\/\/czerkawski.info\/index.php\/wp-json\/wp\/v2\/types\/page"}],"author":[{"embeddable":true,"href":"https:\/\/czerkawski.info\/index.php\/wp-json\/wp\/v2\/users\/1"}],"replies":[{"embeddable":true,"href":"https:\/\/czerkawski.info\/index.php\/wp-json\/wp\/v2\/comments?post=1358"}],"version-history":[{"count":32,"href":"https:\/\/czerkawski.info\/index.php\/wp-json\/wp\/v2\/pages\/1358\/revisions"}],"predecessor-version":[{"id":1582,"href":"https:\/\/czerkawski.info\/index.php\/wp-json\/wp\/v2\/pages\/1358\/revisions\/1582"}],"wp:attachment":[{"href":"https:\/\/czerkawski.info\/index.php\/wp-json\/wp\/v2\/media?parent=1358"}],"curies":[{"name":"wp","href":"https:\/\/api.w.org\/{rel}","templated":true}]}}